{"id":73,"date":"2024-03-06T09:02:24","date_gmt":"2024-03-06T09:02:24","guid":{"rendered":"https:\/\/estalagem-muchaxo-hotel.ms2.decms.eu\/?page_id=73"},"modified":"2024-03-15T15:58:25","modified_gmt":"2024-03-15T15:58:25","slug":"fortaleza-vista-mar","status":"publish","type":"page","link":"https:\/\/www.muchaxo.com\/pt-pt\/quartos\/fortaleza-vista-mar\/","title":{"rendered":"Fortaleza Vista Mar"},"content":{"rendered":"<p><strong>Quarto com vista para o mar<\/strong> num forte do <strong>s\u00e9culo XVII<\/strong>, com uma decora\u00e7\u00e3o r\u00fastica, oferece um ambiente \u00fanico e encantador.<\/p>\n<p>Ao entrar, os h\u00f3spedes s\u00e3o recebidos com uma sensa\u00e7\u00e3o de charme e nostalgia, com um teto com vigas de madeira expostas e uma decora\u00e7\u00e3o em cores naturais.<\/p>\n<p>Deixe-se tamb\u00e9m encantar pela vista da imensid\u00e3o do Atl\u00e2ntico e <strong>desfrute de uma experi\u00eancia memor\u00e1vel e encantadora<\/strong>, misturando hist\u00f3ria, rusticidade e o esplendor do oceano.<\/p>\n","protected":false},"excerpt":{"rendered":"<p>Quarto com vista para o mar num forte do s\u00e9culo XVII, com uma decora\u00e7\u00e3o r\u00fastica, oferece um ambiente \u00fanico e encantador. Ao entrar, os h\u00f3spedes s\u00e3o recebidos com uma sensa\u00e7\u00e3o de charme e nostalgia, com um teto com vigas de madeira expostas e uma decora\u00e7\u00e3o em cores naturais. Deixe-se tamb\u00e9m encantar pela vista da imensid\u00e3o [&hellip;]<\/p>\n","protected":false},"author":13,"featured_media":0,"parent":25,"menu_order":20,"comment_status":"closed","ping_status":"closed","template":"template-single-room.php","meta":{"footnotes":""},"yoast_head":"<!-- This site is optimized with the Yoast SEO plugin v22.3 - https:\/\/yoast.com\/wordpress\/plugins\/seo\/ -->\n<title>Fortaleza Vista Mar - Estalagem Muchaxo Hotel -<\/title>\n<meta name=\"description\" content=\"Quarto com vista para o mar num forte do s\u00e9culo XVII, com uma decora\u00e7\u00e3o r\u00fastica, oferece um ambiente \u00fanico e encantador.  Ao entrar, os h\u00f3spedes s\u00e3o recebidos com uma sensa\u00e7\u00e3o de charme e nostalgia, com um teto com vigas de madeira expostas e uma decora\u00e7\u00e3o em cores naturais.  Deixe-se tamb\u00e9m encantar pela vista da imensid\u00e3o do Atl\u00e2ntico e desfrute de uma experi\u00eancia memor\u00e1vel e encantadora, misturando hist\u00f3ria, rusticidade e o esplendor do oceano..\" \/>\n<meta name=\"robots\" content=\"index, follow, max-snippet:-1, max-image-preview:large, max-video-preview:-1\" \/>\n<link rel=\"canonical\" href=\"https:\/\/www.muchaxo.com\/pt-pt\/quartos\/fortaleza-vista-mar\/\" \/>\n<meta property=\"og:locale\" content=\"pt_PT\" \/>\n<meta property=\"og:type\" content=\"article\" \/>\n<meta property=\"og:title\" content=\"Fortaleza Vista Mar - Estalagem Muchaxo Hotel -\" \/>\n<meta property=\"og:description\" content=\"Quarto com vista para o mar num forte do s\u00e9culo XVII, com uma decora\u00e7\u00e3o r\u00fastica, oferece um ambiente \u00fanico e encantador.  Ao entrar, os h\u00f3spedes s\u00e3o recebidos com uma sensa\u00e7\u00e3o de charme e nostalgia, com um teto com vigas de madeira expostas e uma decora\u00e7\u00e3o em cores naturais.  Deixe-se tamb\u00e9m encantar pela vista da imensid\u00e3o do Atl\u00e2ntico e desfrute de uma experi\u00eancia memor\u00e1vel e encantadora, misturando hist\u00f3ria, rusticidade e o esplendor do oceano..\" \/>\n<meta property=\"og:url\" content=\"https:\/\/www.muchaxo.com\/pt-pt\/quartos\/fortaleza-vista-mar\/\" \/>\n<meta property=\"og:site_name\" content=\"Estalagem Muchaxo Hotel\" \/>\n<meta property=\"article:modified_time\" content=\"2024-03-15T15:58:25+00:00\" \/>\n<meta name=\"twitter:card\" content=\"summary_large_image\" \/>\n<script type=\"application\/ld+json\" class=\"yoast-schema-graph\">{\"@context\":\"https:\/\/schema.org\",\"@graph\":[{\"@type\":\"WebPage\",\"@id\":\"https:\/\/www.muchaxo.com\/pt-pt\/quartos\/fortaleza-vista-mar\/\",\"url\":\"https:\/\/www.muchaxo.com\/pt-pt\/quartos\/fortaleza-vista-mar\/\",\"name\":\"Fortaleza Vista Mar - Estalagem Muchaxo Hotel -\",\"isPartOf\":{\"@id\":\"https:\/\/www.muchaxo.com\/pt-pt\/#website\"},\"datePublished\":\"2024-03-06T09:02:24+00:00\",\"dateModified\":\"2024-03-15T15:58:25+00:00\",\"description\":\"Quarto com vista para o mar num forte do s\u00e9culo XVII, com uma decora\u00e7\u00e3o r\u00fastica, oferece um ambiente \u00fanico e encantador. Ao entrar, os h\u00f3spedes s\u00e3o recebidos com uma sensa\u00e7\u00e3o de charme e nostalgia, com um teto com vigas de madeira expostas e uma decora\u00e7\u00e3o em cores naturais. Deixe-se tamb\u00e9m encantar pela vista da imensid\u00e3o do Atl\u00e2ntico e desfrute de uma experi\u00eancia memor\u00e1vel e encantadora, misturando hist\u00f3ria, rusticidade e o esplendor do oceano..\",\"breadcrumb\":{\"@id\":\"https:\/\/www.muchaxo.com\/pt-pt\/quartos\/fortaleza-vista-mar\/#breadcrumb\"},\"inLanguage\":\"pt-PT\",\"potentialAction\":[{\"@type\":\"ReadAction\",\"target\":[\"https:\/\/www.muchaxo.com\/pt-pt\/quartos\/fortaleza-vista-mar\/\"]}]},{\"@type\":\"BreadcrumbList\",\"@id\":\"https:\/\/www.muchaxo.com\/pt-pt\/quartos\/fortaleza-vista-mar\/#breadcrumb\",\"itemListElement\":[{\"@type\":\"ListItem\",\"position\":1,\"name\":\"Home\",\"item\":\"https:\/\/www.muchaxo.com\/pt-pt\/\"},{\"@type\":\"ListItem\",\"position\":2,\"name\":\"Quartos\",\"item\":\"https:\/\/www.muchaxo.com\/pt-pt\/quartos\/\"},{\"@type\":\"ListItem\",\"position\":3,\"name\":\"Fortaleza Vista Mar\"}]},{\"@type\":\"WebSite\",\"@id\":\"https:\/\/www.muchaxo.com\/pt-pt\/#website\",\"url\":\"https:\/\/www.muchaxo.com\/pt-pt\/\",\"name\":\"Estalagem Muchaxo Hotel\",\"description\":\"\",\"potentialAction\":[{\"@type\":\"SearchAction\",\"target\":{\"@type\":\"EntryPoint\",\"urlTemplate\":\"https:\/\/www.muchaxo.com\/pt-pt\/?s={search_term_string}\"},\"query-input\":\"required name=search_term_string\"}],\"inLanguage\":\"pt-PT\"}]}<\/script>\n<!-- \/ Yoast SEO plugin. -->","yoast_head_json":{"title":"Fortaleza Vista Mar - Estalagem Muchaxo Hotel -","description":"Quarto com vista para o mar num forte do s\u00e9culo XVII, com uma decora\u00e7\u00e3o r\u00fastica, oferece um ambiente \u00fanico e encantador.  Ao entrar, os h\u00f3spedes s\u00e3o recebidos com uma sensa\u00e7\u00e3o de charme e nostalgia, com um teto com vigas de madeira expostas e uma decora\u00e7\u00e3o em cores naturais.  Deixe-se tamb\u00e9m encantar pela vista da imensid\u00e3o do Atl\u00e2ntico e desfrute de uma experi\u00eancia memor\u00e1vel e encantadora, misturando hist\u00f3ria, rusticidade e o esplendor do oceano..","robots":{"index":"index","follow":"follow","max-snippet":"max-snippet:-1","max-image-preview":"max-image-preview:large","max-video-preview":"max-video-preview:-1"},"canonical":"https:\/\/www.muchaxo.com\/pt-pt\/quartos\/fortaleza-vista-mar\/","og_locale":"pt_PT","og_type":"article","og_title":"Fortaleza Vista Mar - Estalagem Muchaxo Hotel -","og_description":"Quarto com vista para o mar num forte do s\u00e9culo XVII, com uma decora\u00e7\u00e3o r\u00fastica, oferece um ambiente \u00fanico e encantador.  Ao entrar, os h\u00f3spedes s\u00e3o recebidos com uma sensa\u00e7\u00e3o de charme e nostalgia, com um teto com vigas de madeira expostas e uma decora\u00e7\u00e3o em cores naturais.  Deixe-se tamb\u00e9m encantar pela vista da imensid\u00e3o do Atl\u00e2ntico e desfrute de uma experi\u00eancia memor\u00e1vel e encantadora, misturando hist\u00f3ria, rusticidade e o esplendor do oceano..","og_url":"https:\/\/www.muchaxo.com\/pt-pt\/quartos\/fortaleza-vista-mar\/","og_site_name":"Estalagem Muchaxo Hotel","article_modified_time":"2024-03-15T15:58:25+00:00","twitter_card":"summary_large_image","schema":{"@context":"https:\/\/schema.org","@graph":[{"@type":"WebPage","@id":"https:\/\/www.muchaxo.com\/pt-pt\/quartos\/fortaleza-vista-mar\/","url":"https:\/\/www.muchaxo.com\/pt-pt\/quartos\/fortaleza-vista-mar\/","name":"Fortaleza Vista Mar - Estalagem Muchaxo Hotel -","isPartOf":{"@id":"https:\/\/www.muchaxo.com\/pt-pt\/#website"},"datePublished":"2024-03-06T09:02:24+00:00","dateModified":"2024-03-15T15:58:25+00:00","description":"Quarto com vista para o mar num forte do s\u00e9culo XVII, com uma decora\u00e7\u00e3o r\u00fastica, oferece um ambiente \u00fanico e encantador. Ao entrar, os h\u00f3spedes s\u00e3o recebidos com uma sensa\u00e7\u00e3o de charme e nostalgia, com um teto com vigas de madeira expostas e uma decora\u00e7\u00e3o em cores naturais. Deixe-se tamb\u00e9m encantar pela vista da imensid\u00e3o do Atl\u00e2ntico e desfrute de uma experi\u00eancia memor\u00e1vel e encantadora, misturando hist\u00f3ria, rusticidade e o esplendor do oceano..","breadcrumb":{"@id":"https:\/\/www.muchaxo.com\/pt-pt\/quartos\/fortaleza-vista-mar\/#breadcrumb"},"inLanguage":"pt-PT","potentialAction":[{"@type":"ReadAction","target":["https:\/\/www.muchaxo.com\/pt-pt\/quartos\/fortaleza-vista-mar\/"]}]},{"@type":"BreadcrumbList","@id":"https:\/\/www.muchaxo.com\/pt-pt\/quartos\/fortaleza-vista-mar\/#breadcrumb","itemListElement":[{"@type":"ListItem","position":1,"name":"Home","item":"https:\/\/www.muchaxo.com\/pt-pt\/"},{"@type":"ListItem","position":2,"name":"Quartos","item":"https:\/\/www.muchaxo.com\/pt-pt\/quartos\/"},{"@type":"ListItem","position":3,"name":"Fortaleza Vista Mar"}]},{"@type":"WebSite","@id":"https:\/\/www.muchaxo.com\/pt-pt\/#website","url":"https:\/\/www.muchaxo.com\/pt-pt\/","name":"Estalagem Muchaxo Hotel","description":"","potentialAction":[{"@type":"SearchAction","target":{"@type":"EntryPoint","urlTemplate":"https:\/\/www.muchaxo.com\/pt-pt\/?s={search_term_string}"},"query-input":"required name=search_term_string"}],"inLanguage":"pt-PT"}]}},"acf":[],"_links":{"self":[{"href":"https:\/\/www.muchaxo.com\/pt-pt\/wp-json\/wp\/v2\/pages\/73"}],"collection":[{"href":"https:\/\/www.muchaxo.com\/pt-pt\/wp-json\/wp\/v2\/pages"}],"about":[{"href":"https:\/\/www.muchaxo.com\/pt-pt\/wp-json\/wp\/v2\/types\/page"}],"author":[{"embeddable":true,"href":"https:\/\/www.muchaxo.com\/pt-pt\/wp-json\/wp\/v2\/users\/13"}],"replies":[{"embeddable":true,"href":"https:\/\/www.muchaxo.com\/pt-pt\/wp-json\/wp\/v2\/comments?post=73"}],"version-history":[{"count":0,"href":"https:\/\/www.muchaxo.com\/pt-pt\/wp-json\/wp\/v2\/pages\/73\/revisions"}],"up":[{"embeddable":true,"href":"https:\/\/www.muchaxo.com\/pt-pt\/wp-json\/wp\/v2\/pages\/25"}],"wp:attachment":[{"href":"https:\/\/www.muchaxo.com\/pt-pt\/wp-json\/wp\/v2\/media?parent=73"}],"curies":[{"name":"wp","href":"https:\/\/api.w.org\/{rel}","templated":true}]}}