{"id":61,"date":"2024-03-05T10:49:27","date_gmt":"2024-03-05T10:49:27","guid":{"rendered":"https:\/\/estalagem-muchaxo-hotel.ms2.decms.eu\/?page_id=61"},"modified":"2024-04-16T09:37:41","modified_gmt":"2024-04-16T09:37:41","slug":"guincho-vista-mar","status":"publish","type":"page","link":"https:\/\/www.muchaxo.com\/pt-pt\/quartos\/guincho-vista-mar\/","title":{"rendered":"Guincho Vista Mar"},"content":{"rendered":"<p>Este<strong> quarto com vista para o mar<\/strong> com uma grande janela \u00e9 um verdadeiro sonho. O ambiente \u00e9 inundado de luz natural durante o dia, gra\u00e7as \u00e0 ampla janela, enquanto \u00e0 noite pode-se apreciar o brilho das estrelas e a tranquilidade do oceano.<\/p>\n<p>Decorado de forma a proporcionar uma <strong>sensa\u00e7\u00e3o de calma e relaxamento<\/strong> em tons suaves de azul e branco, evocando a serenidade do mar. Proporcionando a sensa\u00e7\u00e3o de estar conectado com a natureza e desfrutar de um ambiente tranquilo e sereno, longe do ritmo acelerado da vida quotidiana.<\/p>\n<p>Aproveite a vista para a <strong>praia do Guincho<\/strong> e a <strong>serra de Sintra<\/strong>.<\/p>\n","protected":false},"excerpt":{"rendered":"<p>Este quarto com vista para o mar com uma grande janela \u00e9 um verdadeiro sonho. O ambiente \u00e9 inundado de luz natural durante o dia, gra\u00e7as \u00e0 ampla janela, enquanto \u00e0 noite pode-se apreciar o brilho das estrelas e a tranquilidade do oceano. Decorado de forma a proporcionar uma sensa\u00e7\u00e3o de calma e relaxamento em [&hellip;]<\/p>\n","protected":false},"author":13,"featured_media":0,"parent":25,"menu_order":15,"comment_status":"closed","ping_status":"closed","template":"template-single-room.php","meta":{"footnotes":""},"class_list":["post-61","page","type-page","status-publish","hentry"],"yoast_head":"<!-- This site is optimized with the Yoast SEO plugin v27.3 - https:\/\/yoast.com\/product\/yoast-seo-wordpress\/ -->\n<title>Guincho Vista Mar - Estalagem Muchaxo Hotel -<\/title>\n<meta name=\"description\" content=\"Este quarto com vista para o mar com uma grande janela \u00e9 um verdadeiro sonho. O ambiente \u00e9 inundado de luz natural durante o dia, gra\u00e7as \u00e0 ampla janela, enquanto \u00e0 noite pode-se apreciar o brilho das estrelas e a tranquilidade do oceano.  Decorado de forma a proporcionar uma sensa\u00e7\u00e3o de calma e relaxamento em tons suaves de azul e branco, evocando a serenidade do mar\" \/>\n<meta name=\"robots\" content=\"index, follow, max-snippet:-1, max-image-preview:large, max-video-preview:-1\" \/>\n<link rel=\"canonical\" href=\"https:\/\/www.muchaxo.com\/pt-pt\/quartos\/guincho-vista-mar\/\" \/>\n<meta property=\"og:locale\" content=\"pt_PT\" \/>\n<meta property=\"og:type\" content=\"article\" \/>\n<meta property=\"og:title\" content=\"Guincho Vista Mar - Estalagem Muchaxo Hotel -\" \/>\n<meta property=\"og:description\" content=\"Este quarto com vista para o mar com uma grande janela \u00e9 um verdadeiro sonho. O ambiente \u00e9 inundado de luz natural durante o dia, gra\u00e7as \u00e0 ampla janela, enquanto \u00e0 noite pode-se apreciar o brilho das estrelas e a tranquilidade do oceano.  Decorado de forma a proporcionar uma sensa\u00e7\u00e3o de calma e relaxamento em tons suaves de azul e branco, evocando a serenidade do mar\" \/>\n<meta property=\"og:url\" content=\"https:\/\/www.muchaxo.com\/pt-pt\/quartos\/guincho-vista-mar\/\" \/>\n<meta property=\"og:site_name\" content=\"Estalagem Muchaxo Hotel\" \/>\n<meta property=\"article:modified_time\" content=\"2024-04-16T09:37:41+00:00\" \/>\n<meta name=\"twitter:card\" content=\"summary_large_image\" \/>\n<meta name=\"twitter:label1\" content=\"Tempo estimado de leitura\" \/>\n\t<meta name=\"twitter:data1\" content=\"1 minuto\" \/>\n<script type=\"application\/ld+json\" class=\"yoast-schema-graph\">{\"@context\":\"https:\\\/\\\/schema.org\",\"@graph\":[{\"@type\":\"WebPage\",\"@id\":\"https:\\\/\\\/www.muchaxo.com\\\/pt-pt\\\/quartos\\\/guincho-vista-mar\\\/\",\"url\":\"https:\\\/\\\/www.muchaxo.com\\\/pt-pt\\\/quartos\\\/guincho-vista-mar\\\/\",\"name\":\"Guincho Vista Mar - Estalagem Muchaxo Hotel -\",\"isPartOf\":{\"@id\":\"https:\\\/\\\/www.muchaxo.com\\\/pt-pt\\\/#website\"},\"datePublished\":\"2024-03-05T10:49:27+00:00\",\"dateModified\":\"2024-04-16T09:37:41+00:00\",\"description\":\"Este quarto com vista para o mar com uma grande janela \u00e9 um verdadeiro sonho. O ambiente \u00e9 inundado de luz natural durante o dia, gra\u00e7as \u00e0 ampla janela, enquanto \u00e0 noite pode-se apreciar o brilho das estrelas e a tranquilidade do oceano. Decorado de forma a proporcionar uma sensa\u00e7\u00e3o de calma e relaxamento em tons suaves de azul e branco, evocando a serenidade do mar\",\"breadcrumb\":{\"@id\":\"https:\\\/\\\/www.muchaxo.com\\\/pt-pt\\\/quartos\\\/guincho-vista-mar\\\/#breadcrumb\"},\"inLanguage\":\"pt-PT\",\"potentialAction\":[{\"@type\":\"ReadAction\",\"target\":[\"https:\\\/\\\/www.muchaxo.com\\\/pt-pt\\\/quartos\\\/guincho-vista-mar\\\/\"]}]},{\"@type\":\"BreadcrumbList\",\"@id\":\"https:\\\/\\\/www.muchaxo.com\\\/pt-pt\\\/quartos\\\/guincho-vista-mar\\\/#breadcrumb\",\"itemListElement\":[{\"@type\":\"ListItem\",\"position\":1,\"name\":\"Home\",\"item\":\"https:\\\/\\\/www.muchaxo.com\\\/pt-pt\\\/\"},{\"@type\":\"ListItem\",\"position\":2,\"name\":\"Quartos\",\"item\":\"https:\\\/\\\/www.muchaxo.com\\\/pt-pt\\\/quartos\\\/\"},{\"@type\":\"ListItem\",\"position\":3,\"name\":\"Guincho Vista Mar\"}]},{\"@type\":\"WebSite\",\"@id\":\"https:\\\/\\\/www.muchaxo.com\\\/pt-pt\\\/#website\",\"url\":\"https:\\\/\\\/www.muchaxo.com\\\/pt-pt\\\/\",\"name\":\"Estalagem Muchaxo Hotel\",\"description\":\"\",\"potentialAction\":[{\"@type\":\"SearchAction\",\"target\":{\"@type\":\"EntryPoint\",\"urlTemplate\":\"https:\\\/\\\/www.muchaxo.com\\\/pt-pt\\\/?s={search_term_string}\"},\"query-input\":{\"@type\":\"PropertyValueSpecification\",\"valueRequired\":true,\"valueName\":\"search_term_string\"}}],\"inLanguage\":\"pt-PT\"}]}<\/script>\n<!-- \/ Yoast SEO plugin. -->","yoast_head_json":{"title":"Guincho Vista Mar - Estalagem Muchaxo Hotel -","description":"Este quarto com vista para o mar com uma grande janela \u00e9 um verdadeiro sonho. O ambiente \u00e9 inundado de luz natural durante o dia, gra\u00e7as \u00e0 ampla janela, enquanto \u00e0 noite pode-se apreciar o brilho das estrelas e a tranquilidade do oceano.  Decorado de forma a proporcionar uma sensa\u00e7\u00e3o de calma e relaxamento em tons suaves de azul e branco, evocando a serenidade do mar","robots":{"index":"index","follow":"follow","max-snippet":"max-snippet:-1","max-image-preview":"max-image-preview:large","max-video-preview":"max-video-preview:-1"},"canonical":"https:\/\/www.muchaxo.com\/pt-pt\/quartos\/guincho-vista-mar\/","og_locale":"pt_PT","og_type":"article","og_title":"Guincho Vista Mar - Estalagem Muchaxo Hotel -","og_description":"Este quarto com vista para o mar com uma grande janela \u00e9 um verdadeiro sonho. O ambiente \u00e9 inundado de luz natural durante o dia, gra\u00e7as \u00e0 ampla janela, enquanto \u00e0 noite pode-se apreciar o brilho das estrelas e a tranquilidade do oceano.  Decorado de forma a proporcionar uma sensa\u00e7\u00e3o de calma e relaxamento em tons suaves de azul e branco, evocando a serenidade do mar","og_url":"https:\/\/www.muchaxo.com\/pt-pt\/quartos\/guincho-vista-mar\/","og_site_name":"Estalagem Muchaxo Hotel","article_modified_time":"2024-04-16T09:37:41+00:00","twitter_card":"summary_large_image","twitter_misc":{"Tempo estimado de leitura":"1 minuto"},"schema":{"@context":"https:\/\/schema.org","@graph":[{"@type":"WebPage","@id":"https:\/\/www.muchaxo.com\/pt-pt\/quartos\/guincho-vista-mar\/","url":"https:\/\/www.muchaxo.com\/pt-pt\/quartos\/guincho-vista-mar\/","name":"Guincho Vista Mar - Estalagem Muchaxo Hotel -","isPartOf":{"@id":"https:\/\/www.muchaxo.com\/pt-pt\/#website"},"datePublished":"2024-03-05T10:49:27+00:00","dateModified":"2024-04-16T09:37:41+00:00","description":"Este quarto com vista para o mar com uma grande janela \u00e9 um verdadeiro sonho. O ambiente \u00e9 inundado de luz natural durante o dia, gra\u00e7as \u00e0 ampla janela, enquanto \u00e0 noite pode-se apreciar o brilho das estrelas e a tranquilidade do oceano. Decorado de forma a proporcionar uma sensa\u00e7\u00e3o de calma e relaxamento em tons suaves de azul e branco, evocando a serenidade do mar","breadcrumb":{"@id":"https:\/\/www.muchaxo.com\/pt-pt\/quartos\/guincho-vista-mar\/#breadcrumb"},"inLanguage":"pt-PT","potentialAction":[{"@type":"ReadAction","target":["https:\/\/www.muchaxo.com\/pt-pt\/quartos\/guincho-vista-mar\/"]}]},{"@type":"BreadcrumbList","@id":"https:\/\/www.muchaxo.com\/pt-pt\/quartos\/guincho-vista-mar\/#breadcrumb","itemListElement":[{"@type":"ListItem","position":1,"name":"Home","item":"https:\/\/www.muchaxo.com\/pt-pt\/"},{"@type":"ListItem","position":2,"name":"Quartos","item":"https:\/\/www.muchaxo.com\/pt-pt\/quartos\/"},{"@type":"ListItem","position":3,"name":"Guincho Vista Mar"}]},{"@type":"WebSite","@id":"https:\/\/www.muchaxo.com\/pt-pt\/#website","url":"https:\/\/www.muchaxo.com\/pt-pt\/","name":"Estalagem Muchaxo Hotel","description":"","potentialAction":[{"@type":"SearchAction","target":{"@type":"EntryPoint","urlTemplate":"https:\/\/www.muchaxo.com\/pt-pt\/?s={search_term_string}"},"query-input":{"@type":"PropertyValueSpecification","valueRequired":true,"valueName":"search_term_string"}}],"inLanguage":"pt-PT"}]}},"acf":[],"_links":{"self":[{"href":"https:\/\/www.muchaxo.com\/pt-pt\/wp-json\/wp\/v2\/pages\/61","targetHints":{"allow":["GET"]}}],"collection":[{"href":"https:\/\/www.muchaxo.com\/pt-pt\/wp-json\/wp\/v2\/pages"}],"about":[{"href":"https:\/\/www.muchaxo.com\/pt-pt\/wp-json\/wp\/v2\/types\/page"}],"author":[{"embeddable":true,"href":"https:\/\/www.muchaxo.com\/pt-pt\/wp-json\/wp\/v2\/users\/13"}],"replies":[{"embeddable":true,"href":"https:\/\/www.muchaxo.com\/pt-pt\/wp-json\/wp\/v2\/comments?post=61"}],"version-history":[{"count":0,"href":"https:\/\/www.muchaxo.com\/pt-pt\/wp-json\/wp\/v2\/pages\/61\/revisions"}],"up":[{"embeddable":true,"href":"https:\/\/www.muchaxo.com\/pt-pt\/wp-json\/wp\/v2\/pages\/25"}],"wp:attachment":[{"href":"https:\/\/www.muchaxo.com\/pt-pt\/wp-json\/wp\/v2\/media?parent=61"}],"curies":[{"name":"wp","href":"https:\/\/api.w.org\/{rel}","templated":true}]}}