{"id":5,"date":"2024-03-01T16:05:43","date_gmt":"2024-03-01T16:05:43","guid":{"rendered":"https:\/\/estalagem-muchaxo-hotel.ms2.decms.eu\/?page_id=5"},"modified":"2024-05-10T08:26:29","modified_gmt":"2024-05-10T08:26:29","slug":"estalagem-muchaxo-hotel","status":"publish","type":"page","link":"https:\/\/www.muchaxo.com\/pt-pt\/","title":{"rendered":"Estalagem Muchaxo Hotel"},"content":{"rendered":"<p>A Estalagem Muchaxo est\u00e1 localizada na Praia do Guincho, em pleno Parque Natural Sintra-Cascais, a poucos minutos de Lisboa e do Aeroporto Internacional.<\/p>\n<p>Renovada e reclassificada para Hotel de quatro estrelas em Janeiro de 2012, com mais de 60 anos de hist\u00f3ria, ocupa uma Fortaleza do S\u00e9culo XVII, desafiando as ondas e os ventos do Oceano Atl\u00e2ntico.<\/p>\n<p>Num extraordin\u00e1rio cen\u00e1rio natural e paisag\u00edstico, a Estalagem Muchaxo transmite uma atmosfera \u00fanica e personalizada, onde mar e serra se fundem de uma forma \u00edmpar, proporcionando um revigorante e inesquec\u00edvel contacto com a natureza.<\/p>\n","protected":false},"excerpt":{"rendered":"<p>A Estalagem Muchaxo est\u00e1 localizada na Praia do Guincho, em pleno Parque Natural Sintra-Cascais, a poucos minutos de Lisboa e do Aeroporto Internacional. Renovada e reclassificada para Hotel de quatro estrelas em Janeiro de 2012, com mais de 60 anos de hist\u00f3ria, ocupa uma Fortaleza do S\u00e9culo XVII, desafiando as ondas e os ventos do [&hellip;]<\/p>\n","protected":false},"author":13,"featured_media":0,"parent":0,"menu_order":0,"comment_status":"closed","ping_status":"closed","template":"","meta":{"footnotes":""},"yoast_head":"<!-- This site is optimized with the Yoast SEO plugin v22.3 - https:\/\/yoast.com\/wordpress\/plugins\/seo\/ -->\n<title>Estalagem Muchaxo Hotel - Estalagem Muchaxo Hotel -<\/title>\n<meta name=\"description\" content=\"A Estalagem Muchaxo est\u00e1 localizada na Praia do Guincho, em pleno Parque Natural Sintra-Cascais, a poucos minutos de Lisboa e do Aeroporto Internacional.  Renovada e reclassificada para Hotel de quatro estrelas em Janeiro de 2012, com mais de 60 anos de hist\u00f3ria, ocupa uma Fortaleza do S\u00e9culo XVII, desafiando as ondas e os ventos do Oceano Atl\u00e2ntico.  Num extraordin\u00e1rio cen\u00e1rio natural e paisag\u00edstico, a Estalagem Muchaxo transmite uma atmosfera \u00fanica e personalizada, onde mar e serra se fundem de uma forma \u00edmpar, proporcionando um revigorante e inesquec\u00edvel contacto com a natureza..\" \/>\n<meta name=\"robots\" content=\"index, follow, max-snippet:-1, max-image-preview:large, max-video-preview:-1\" \/>\n<link rel=\"canonical\" href=\"https:\/\/www.muchaxo.com\/pt-pt\/\" \/>\n<meta property=\"og:locale\" content=\"pt_PT\" \/>\n<meta property=\"og:type\" content=\"article\" \/>\n<meta property=\"og:title\" content=\"Estalagem Muchaxo Hotel - Estalagem Muchaxo Hotel -\" \/>\n<meta property=\"og:description\" content=\"A Estalagem Muchaxo est\u00e1 localizada na Praia do Guincho, em pleno Parque Natural Sintra-Cascais, a poucos minutos de Lisboa e do Aeroporto Internacional.  Renovada e reclassificada para Hotel de quatro estrelas em Janeiro de 2012, com mais de 60 anos de hist\u00f3ria, ocupa uma Fortaleza do S\u00e9culo XVII, desafiando as ondas e os ventos do Oceano Atl\u00e2ntico.  Num extraordin\u00e1rio cen\u00e1rio natural e paisag\u00edstico, a Estalagem Muchaxo transmite uma atmosfera \u00fanica e personalizada, onde mar e serra se fundem de uma forma \u00edmpar, proporcionando um revigorante e inesquec\u00edvel contacto com a natureza..\" \/>\n<meta property=\"og:url\" content=\"https:\/\/www.muchaxo.com\/pt-pt\/\" \/>\n<meta property=\"og:site_name\" content=\"Estalagem Muchaxo Hotel\" \/>\n<meta property=\"article:modified_time\" content=\"2024-05-10T08:26:29+00:00\" \/>\n<meta name=\"twitter:card\" content=\"summary_large_image\" \/>\n<meta name=\"twitter:label1\" content=\"Tempo estimado de leitura\" \/>\n\t<meta name=\"twitter:data1\" content=\"1 minuto\" \/>\n<script type=\"application\/ld+json\" class=\"yoast-schema-graph\">{\"@context\":\"https:\/\/schema.org\",\"@graph\":[{\"@type\":\"WebPage\",\"@id\":\"https:\/\/www.muchaxo.com\/pt-pt\/\",\"url\":\"https:\/\/www.muchaxo.com\/pt-pt\/\",\"name\":\"Estalagem Muchaxo Hotel - Estalagem Muchaxo Hotel -\",\"isPartOf\":{\"@id\":\"https:\/\/www.muchaxo.com\/pt-pt\/#website\"},\"datePublished\":\"2024-03-01T16:05:43+00:00\",\"dateModified\":\"2024-05-10T08:26:29+00:00\",\"description\":\"A Estalagem Muchaxo est\u00e1 localizada na Praia do Guincho, em pleno Parque Natural Sintra-Cascais, a poucos minutos de Lisboa e do Aeroporto Internacional. Renovada e reclassificada para Hotel de quatro estrelas em Janeiro de 2012, com mais de 60 anos de hist\u00f3ria, ocupa uma Fortaleza do S\u00e9culo XVII, desafiando as ondas e os ventos do Oceano Atl\u00e2ntico. Num extraordin\u00e1rio cen\u00e1rio natural e paisag\u00edstico, a Estalagem Muchaxo transmite uma atmosfera \u00fanica e personalizada, onde mar e serra se fundem de uma forma \u00edmpar, proporcionando um revigorante e inesquec\u00edvel contacto com a natureza..\",\"breadcrumb\":{\"@id\":\"https:\/\/www.muchaxo.com\/pt-pt\/#breadcrumb\"},\"inLanguage\":\"pt-PT\",\"potentialAction\":[{\"@type\":\"ReadAction\",\"target\":[\"https:\/\/www.muchaxo.com\/pt-pt\/\"]}]},{\"@type\":\"BreadcrumbList\",\"@id\":\"https:\/\/www.muchaxo.com\/pt-pt\/#breadcrumb\",\"itemListElement\":[{\"@type\":\"ListItem\",\"position\":1,\"name\":\"Home\",\"item\":\"https:\/\/www.muchaxo.com\/pt-pt\/\"},{\"@type\":\"ListItem\",\"position\":2,\"name\":\"Estalagem Muchaxo Hotel\"}]},{\"@type\":\"WebSite\",\"@id\":\"https:\/\/www.muchaxo.com\/pt-pt\/#website\",\"url\":\"https:\/\/www.muchaxo.com\/pt-pt\/\",\"name\":\"Estalagem Muchaxo Hotel\",\"description\":\"\",\"potentialAction\":[{\"@type\":\"SearchAction\",\"target\":{\"@type\":\"EntryPoint\",\"urlTemplate\":\"https:\/\/www.muchaxo.com\/pt-pt\/?s={search_term_string}\"},\"query-input\":\"required name=search_term_string\"}],\"inLanguage\":\"pt-PT\"}]}<\/script>\n<!-- \/ Yoast SEO plugin. -->","yoast_head_json":{"title":"Estalagem Muchaxo Hotel - Estalagem Muchaxo Hotel -","description":"A Estalagem Muchaxo est\u00e1 localizada na Praia do Guincho, em pleno Parque Natural Sintra-Cascais, a poucos minutos de Lisboa e do Aeroporto Internacional.  Renovada e reclassificada para Hotel de quatro estrelas em Janeiro de 2012, com mais de 60 anos de hist\u00f3ria, ocupa uma Fortaleza do S\u00e9culo XVII, desafiando as ondas e os ventos do Oceano Atl\u00e2ntico.  Num extraordin\u00e1rio cen\u00e1rio natural e paisag\u00edstico, a Estalagem Muchaxo transmite uma atmosfera \u00fanica e personalizada, onde mar e serra se fundem de uma forma \u00edmpar, proporcionando um revigorante e inesquec\u00edvel contacto com a natureza..","robots":{"index":"index","follow":"follow","max-snippet":"max-snippet:-1","max-image-preview":"max-image-preview:large","max-video-preview":"max-video-preview:-1"},"canonical":"https:\/\/www.muchaxo.com\/pt-pt\/","og_locale":"pt_PT","og_type":"article","og_title":"Estalagem Muchaxo Hotel - Estalagem Muchaxo Hotel -","og_description":"A Estalagem Muchaxo est\u00e1 localizada na Praia do Guincho, em pleno Parque Natural Sintra-Cascais, a poucos minutos de Lisboa e do Aeroporto Internacional.  Renovada e reclassificada para Hotel de quatro estrelas em Janeiro de 2012, com mais de 60 anos de hist\u00f3ria, ocupa uma Fortaleza do S\u00e9culo XVII, desafiando as ondas e os ventos do Oceano Atl\u00e2ntico.  Num extraordin\u00e1rio cen\u00e1rio natural e paisag\u00edstico, a Estalagem Muchaxo transmite uma atmosfera \u00fanica e personalizada, onde mar e serra se fundem de uma forma \u00edmpar, proporcionando um revigorante e inesquec\u00edvel contacto com a natureza..","og_url":"https:\/\/www.muchaxo.com\/pt-pt\/","og_site_name":"Estalagem Muchaxo Hotel","article_modified_time":"2024-05-10T08:26:29+00:00","twitter_card":"summary_large_image","twitter_misc":{"Tempo estimado de leitura":"1 minuto"},"schema":{"@context":"https:\/\/schema.org","@graph":[{"@type":"WebPage","@id":"https:\/\/www.muchaxo.com\/pt-pt\/","url":"https:\/\/www.muchaxo.com\/pt-pt\/","name":"Estalagem Muchaxo Hotel - Estalagem Muchaxo Hotel -","isPartOf":{"@id":"https:\/\/www.muchaxo.com\/pt-pt\/#website"},"datePublished":"2024-03-01T16:05:43+00:00","dateModified":"2024-05-10T08:26:29+00:00","description":"A Estalagem Muchaxo est\u00e1 localizada na Praia do Guincho, em pleno Parque Natural Sintra-Cascais, a poucos minutos de Lisboa e do Aeroporto Internacional. Renovada e reclassificada para Hotel de quatro estrelas em Janeiro de 2012, com mais de 60 anos de hist\u00f3ria, ocupa uma Fortaleza do S\u00e9culo XVII, desafiando as ondas e os ventos do Oceano Atl\u00e2ntico. Num extraordin\u00e1rio cen\u00e1rio natural e paisag\u00edstico, a Estalagem Muchaxo transmite uma atmosfera \u00fanica e personalizada, onde mar e serra se fundem de uma forma \u00edmpar, proporcionando um revigorante e inesquec\u00edvel contacto com a natureza..","breadcrumb":{"@id":"https:\/\/www.muchaxo.com\/pt-pt\/#breadcrumb"},"inLanguage":"pt-PT","potentialAction":[{"@type":"ReadAction","target":["https:\/\/www.muchaxo.com\/pt-pt\/"]}]},{"@type":"BreadcrumbList","@id":"https:\/\/www.muchaxo.com\/pt-pt\/#breadcrumb","itemListElement":[{"@type":"ListItem","position":1,"name":"Home","item":"https:\/\/www.muchaxo.com\/pt-pt\/"},{"@type":"ListItem","position":2,"name":"Estalagem Muchaxo Hotel"}]},{"@type":"WebSite","@id":"https:\/\/www.muchaxo.com\/pt-pt\/#website","url":"https:\/\/www.muchaxo.com\/pt-pt\/","name":"Estalagem Muchaxo Hotel","description":"","potentialAction":[{"@type":"SearchAction","target":{"@type":"EntryPoint","urlTemplate":"https:\/\/www.muchaxo.com\/pt-pt\/?s={search_term_string}"},"query-input":"required name=search_term_string"}],"inLanguage":"pt-PT"}]}},"acf":[],"_links":{"self":[{"href":"https:\/\/www.muchaxo.com\/pt-pt\/wp-json\/wp\/v2\/pages\/5"}],"collection":[{"href":"https:\/\/www.muchaxo.com\/pt-pt\/wp-json\/wp\/v2\/pages"}],"about":[{"href":"https:\/\/www.muchaxo.com\/pt-pt\/wp-json\/wp\/v2\/types\/page"}],"author":[{"embeddable":true,"href":"https:\/\/www.muchaxo.com\/pt-pt\/wp-json\/wp\/v2\/users\/13"}],"replies":[{"embeddable":true,"href":"https:\/\/www.muchaxo.com\/pt-pt\/wp-json\/wp\/v2\/comments?post=5"}],"version-history":[{"count":0,"href":"https:\/\/www.muchaxo.com\/pt-pt\/wp-json\/wp\/v2\/pages\/5\/revisions"}],"wp:attachment":[{"href":"https:\/\/www.muchaxo.com\/pt-pt\/wp-json\/wp\/v2\/media?parent=5"}],"curies":[{"name":"wp","href":"https:\/\/api.w.org\/{rel}","templated":true}]}}