{"id":36,"date":"2024-03-05T09:03:25","date_gmt":"2024-03-05T09:03:25","guid":{"rendered":"https:\/\/estalagem-muchaxo-hotel.ms2.decms.eu\/?page_id=36"},"modified":"2024-04-16T09:35:59","modified_gmt":"2024-04-16T09:35:59","slug":"quarto-economico","status":"publish","type":"page","link":"https:\/\/www.muchaxo.com\/pt-pt\/quartos\/quarto-economico\/","title":{"rendered":"Quarto Econ\u00f3mico"},"content":{"rendered":"<p>Este quarto \u00e9 um espa\u00e7o simples e confort\u00e1vel, com as comodidades b\u00e1sicas para<strong> atender a todas necessidades dos viajantes<\/strong> que desejam <strong>desfrutar das belas paisagens<\/strong> e <strong>atividades \u00e0 beira-mar<\/strong>, sem gastar muito dinheiro. \u00c9 uma \u00f3tima op\u00e7\u00e3o para quem pretende passar a maior parte do tempo aproveitando as <strong>atra\u00e7\u00f5es ao ar livre<\/strong> e a beleza natural da <strong>praia<\/strong>.<\/p>\n","protected":false},"excerpt":{"rendered":"<p>Este quarto \u00e9 um espa\u00e7o simples e confort\u00e1vel, com as comodidades b\u00e1sicas para atender a todas necessidades dos viajantes que desejam desfrutar das belas paisagens e atividades \u00e0 beira-mar, sem gastar muito dinheiro. \u00c9 uma \u00f3tima op\u00e7\u00e3o para quem pretende passar a maior parte do tempo aproveitando as atra\u00e7\u00f5es ao ar livre e a beleza [&hellip;]<\/p>\n","protected":false},"author":13,"featured_media":0,"parent":25,"menu_order":5,"comment_status":"closed","ping_status":"closed","template":"template-single-room.php","meta":{"footnotes":""},"class_list":["post-36","page","type-page","status-publish","hentry"],"yoast_head":"<!-- This site is optimized with the Yoast SEO plugin v27.3 - https:\/\/yoast.com\/product\/yoast-seo-wordpress\/ -->\n<title>Quarto Econ\u00f3mico - Estalagem Muchaxo Hotel -<\/title>\n<meta name=\"description\" content=\"Este quarto \u00e9 um espa\u00e7o simples e confort\u00e1vel, com as comodidades b\u00e1sicas para atender a todas necessidades dos viajantes que desejam desfrutar das belas paisagens e atividades \u00e0 beira-mar, sem gastar muito dinheiro. \u00c9 uma \u00f3tima op\u00e7\u00e3o para quem pretende passar a maior parte do tempo aproveitando as atra\u00e7\u00f5es ao ar livre e a beleza natural da praia.\" \/>\n<meta name=\"robots\" content=\"index, follow, max-snippet:-1, max-image-preview:large, max-video-preview:-1\" \/>\n<link rel=\"canonical\" href=\"https:\/\/www.muchaxo.com\/pt-pt\/quartos\/quarto-economico\/\" \/>\n<meta property=\"og:locale\" content=\"pt_PT\" \/>\n<meta property=\"og:type\" content=\"article\" \/>\n<meta property=\"og:title\" content=\"Quarto Econ\u00f3mico - Estalagem Muchaxo Hotel -\" \/>\n<meta property=\"og:description\" content=\"Este quarto \u00e9 um espa\u00e7o simples e confort\u00e1vel, com as comodidades b\u00e1sicas para atender a todas necessidades dos viajantes que desejam desfrutar das belas paisagens e atividades \u00e0 beira-mar, sem gastar muito dinheiro. \u00c9 uma \u00f3tima op\u00e7\u00e3o para quem pretende passar a maior parte do tempo aproveitando as atra\u00e7\u00f5es ao ar livre e a beleza natural da praia.\" \/>\n<meta property=\"og:url\" content=\"https:\/\/www.muchaxo.com\/pt-pt\/quartos\/quarto-economico\/\" \/>\n<meta property=\"og:site_name\" content=\"Estalagem Muchaxo Hotel\" \/>\n<meta property=\"article:modified_time\" content=\"2024-04-16T09:35:59+00:00\" \/>\n<meta name=\"twitter:card\" content=\"summary_large_image\" \/>\n<meta name=\"twitter:label1\" content=\"Tempo estimado de leitura\" \/>\n\t<meta name=\"twitter:data1\" content=\"1 minuto\" \/>\n<script type=\"application\/ld+json\" class=\"yoast-schema-graph\">{\"@context\":\"https:\\\/\\\/schema.org\",\"@graph\":[{\"@type\":\"WebPage\",\"@id\":\"https:\\\/\\\/www.muchaxo.com\\\/pt-pt\\\/quartos\\\/quarto-economico\\\/\",\"url\":\"https:\\\/\\\/www.muchaxo.com\\\/pt-pt\\\/quartos\\\/quarto-economico\\\/\",\"name\":\"Quarto Econ\u00f3mico - Estalagem Muchaxo Hotel -\",\"isPartOf\":{\"@id\":\"https:\\\/\\\/www.muchaxo.com\\\/pt-pt\\\/#website\"},\"datePublished\":\"2024-03-05T09:03:25+00:00\",\"dateModified\":\"2024-04-16T09:35:59+00:00\",\"description\":\"Este quarto \u00e9 um espa\u00e7o simples e confort\u00e1vel, com as comodidades b\u00e1sicas para atender a todas necessidades dos viajantes que desejam desfrutar das belas paisagens e atividades \u00e0 beira-mar, sem gastar muito dinheiro. \u00c9 uma \u00f3tima op\u00e7\u00e3o para quem pretende passar a maior parte do tempo aproveitando as atra\u00e7\u00f5es ao ar livre e a beleza natural da praia.\",\"breadcrumb\":{\"@id\":\"https:\\\/\\\/www.muchaxo.com\\\/pt-pt\\\/quartos\\\/quarto-economico\\\/#breadcrumb\"},\"inLanguage\":\"pt-PT\",\"potentialAction\":[{\"@type\":\"ReadAction\",\"target\":[\"https:\\\/\\\/www.muchaxo.com\\\/pt-pt\\\/quartos\\\/quarto-economico\\\/\"]}]},{\"@type\":\"BreadcrumbList\",\"@id\":\"https:\\\/\\\/www.muchaxo.com\\\/pt-pt\\\/quartos\\\/quarto-economico\\\/#breadcrumb\",\"itemListElement\":[{\"@type\":\"ListItem\",\"position\":1,\"name\":\"Home\",\"item\":\"https:\\\/\\\/www.muchaxo.com\\\/pt-pt\\\/\"},{\"@type\":\"ListItem\",\"position\":2,\"name\":\"Quartos\",\"item\":\"https:\\\/\\\/www.muchaxo.com\\\/pt-pt\\\/quartos\\\/\"},{\"@type\":\"ListItem\",\"position\":3,\"name\":\"Quarto Econ\u00f3mico\"}]},{\"@type\":\"WebSite\",\"@id\":\"https:\\\/\\\/www.muchaxo.com\\\/pt-pt\\\/#website\",\"url\":\"https:\\\/\\\/www.muchaxo.com\\\/pt-pt\\\/\",\"name\":\"Estalagem Muchaxo Hotel\",\"description\":\"\",\"potentialAction\":[{\"@type\":\"SearchAction\",\"target\":{\"@type\":\"EntryPoint\",\"urlTemplate\":\"https:\\\/\\\/www.muchaxo.com\\\/pt-pt\\\/?s={search_term_string}\"},\"query-input\":{\"@type\":\"PropertyValueSpecification\",\"valueRequired\":true,\"valueName\":\"search_term_string\"}}],\"inLanguage\":\"pt-PT\"}]}<\/script>\n<!-- \/ Yoast SEO plugin. -->","yoast_head_json":{"title":"Quarto Econ\u00f3mico - Estalagem Muchaxo Hotel -","description":"Este quarto \u00e9 um espa\u00e7o simples e confort\u00e1vel, com as comodidades b\u00e1sicas para atender a todas necessidades dos viajantes que desejam desfrutar das belas paisagens e atividades \u00e0 beira-mar, sem gastar muito dinheiro. \u00c9 uma \u00f3tima op\u00e7\u00e3o para quem pretende passar a maior parte do tempo aproveitando as atra\u00e7\u00f5es ao ar livre e a beleza natural da praia.","robots":{"index":"index","follow":"follow","max-snippet":"max-snippet:-1","max-image-preview":"max-image-preview:large","max-video-preview":"max-video-preview:-1"},"canonical":"https:\/\/www.muchaxo.com\/pt-pt\/quartos\/quarto-economico\/","og_locale":"pt_PT","og_type":"article","og_title":"Quarto Econ\u00f3mico - Estalagem Muchaxo Hotel -","og_description":"Este quarto \u00e9 um espa\u00e7o simples e confort\u00e1vel, com as comodidades b\u00e1sicas para atender a todas necessidades dos viajantes que desejam desfrutar das belas paisagens e atividades \u00e0 beira-mar, sem gastar muito dinheiro. \u00c9 uma \u00f3tima op\u00e7\u00e3o para quem pretende passar a maior parte do tempo aproveitando as atra\u00e7\u00f5es ao ar livre e a beleza natural da praia.","og_url":"https:\/\/www.muchaxo.com\/pt-pt\/quartos\/quarto-economico\/","og_site_name":"Estalagem Muchaxo Hotel","article_modified_time":"2024-04-16T09:35:59+00:00","twitter_card":"summary_large_image","twitter_misc":{"Tempo estimado de leitura":"1 minuto"},"schema":{"@context":"https:\/\/schema.org","@graph":[{"@type":"WebPage","@id":"https:\/\/www.muchaxo.com\/pt-pt\/quartos\/quarto-economico\/","url":"https:\/\/www.muchaxo.com\/pt-pt\/quartos\/quarto-economico\/","name":"Quarto Econ\u00f3mico - Estalagem Muchaxo Hotel -","isPartOf":{"@id":"https:\/\/www.muchaxo.com\/pt-pt\/#website"},"datePublished":"2024-03-05T09:03:25+00:00","dateModified":"2024-04-16T09:35:59+00:00","description":"Este quarto \u00e9 um espa\u00e7o simples e confort\u00e1vel, com as comodidades b\u00e1sicas para atender a todas necessidades dos viajantes que desejam desfrutar das belas paisagens e atividades \u00e0 beira-mar, sem gastar muito dinheiro. \u00c9 uma \u00f3tima op\u00e7\u00e3o para quem pretende passar a maior parte do tempo aproveitando as atra\u00e7\u00f5es ao ar livre e a beleza natural da praia.","breadcrumb":{"@id":"https:\/\/www.muchaxo.com\/pt-pt\/quartos\/quarto-economico\/#breadcrumb"},"inLanguage":"pt-PT","potentialAction":[{"@type":"ReadAction","target":["https:\/\/www.muchaxo.com\/pt-pt\/quartos\/quarto-economico\/"]}]},{"@type":"BreadcrumbList","@id":"https:\/\/www.muchaxo.com\/pt-pt\/quartos\/quarto-economico\/#breadcrumb","itemListElement":[{"@type":"ListItem","position":1,"name":"Home","item":"https:\/\/www.muchaxo.com\/pt-pt\/"},{"@type":"ListItem","position":2,"name":"Quartos","item":"https:\/\/www.muchaxo.com\/pt-pt\/quartos\/"},{"@type":"ListItem","position":3,"name":"Quarto Econ\u00f3mico"}]},{"@type":"WebSite","@id":"https:\/\/www.muchaxo.com\/pt-pt\/#website","url":"https:\/\/www.muchaxo.com\/pt-pt\/","name":"Estalagem Muchaxo Hotel","description":"","potentialAction":[{"@type":"SearchAction","target":{"@type":"EntryPoint","urlTemplate":"https:\/\/www.muchaxo.com\/pt-pt\/?s={search_term_string}"},"query-input":{"@type":"PropertyValueSpecification","valueRequired":true,"valueName":"search_term_string"}}],"inLanguage":"pt-PT"}]}},"acf":[],"_links":{"self":[{"href":"https:\/\/www.muchaxo.com\/pt-pt\/wp-json\/wp\/v2\/pages\/36","targetHints":{"allow":["GET"]}}],"collection":[{"href":"https:\/\/www.muchaxo.com\/pt-pt\/wp-json\/wp\/v2\/pages"}],"about":[{"href":"https:\/\/www.muchaxo.com\/pt-pt\/wp-json\/wp\/v2\/types\/page"}],"author":[{"embeddable":true,"href":"https:\/\/www.muchaxo.com\/pt-pt\/wp-json\/wp\/v2\/users\/13"}],"replies":[{"embeddable":true,"href":"https:\/\/www.muchaxo.com\/pt-pt\/wp-json\/wp\/v2\/comments?post=36"}],"version-history":[{"count":0,"href":"https:\/\/www.muchaxo.com\/pt-pt\/wp-json\/wp\/v2\/pages\/36\/revisions"}],"up":[{"embeddable":true,"href":"https:\/\/www.muchaxo.com\/pt-pt\/wp-json\/wp\/v2\/pages\/25"}],"wp:attachment":[{"href":"https:\/\/www.muchaxo.com\/pt-pt\/wp-json\/wp\/v2\/media?parent=36"}],"curies":[{"name":"wp","href":"https:\/\/api.w.org\/{rel}","templated":true}]}}