{"id":25,"date":"2024-03-04T14:37:34","date_gmt":"2024-03-04T14:37:34","guid":{"rendered":"https:\/\/estalagem-muchaxo-hotel.ms2.decms.eu\/?page_id=25"},"modified":"2024-04-16T09:34:42","modified_gmt":"2024-04-16T09:34:42","slug":"quartos","status":"publish","type":"page","link":"https:\/\/www.muchaxo.com\/pt-pt\/quartos\/","title":{"rendered":"Quartos"},"content":{"rendered":"<p>O refugio perfeito entre o mar e a serra, os nossos quartos foram concebidos em tons suaves e materiais naturais que se integram com a paisagem. Com v\u00e1rias tipologias, para ir ao encontro de todas as necessidades dos nossos h\u00f3spedes, proporcionam momentos inesquec\u00edveis em pleno Parque Natural Sintra-Cascais. Descubra o seu&#8230;<\/p>\n","protected":false},"excerpt":{"rendered":"<p>O refugio perfeito entre o mar e a serra, os nossos quartos foram concebidos em tons suaves e materiais naturais que se integram com a paisagem. Com v\u00e1rias tipologias, para ir ao encontro de todas as necessidades dos nossos h\u00f3spedes, proporcionam momentos inesquec\u00edveis em pleno Parque Natural Sintra-Cascais. Descubra o seu&#8230;<\/p>\n","protected":false},"author":13,"featured_media":0,"parent":0,"menu_order":5,"comment_status":"closed","ping_status":"closed","template":"template-rooms.php","meta":{"footnotes":""},"class_list":["post-25","page","type-page","status-publish","hentry"],"yoast_head":"<!-- This site is optimized with the Yoast SEO plugin v27.3 - https:\/\/yoast.com\/product\/yoast-seo-wordpress\/ -->\n<title>Quartos - Estalagem Muchaxo Hotel -<\/title>\n<meta name=\"description\" content=\"O refugio perfeito entre o mar e a serra, os nossos quartos foram concebidos em tons suaves e materiais naturais que se integram com a paisagem. Com v\u00e1rias tipologias, para ir ao encontro de todas as necessidades dos nossos h\u00f3spedes, proporcionam momentos inesquec\u00edveis em pleno Parque Natural Sintra-Cascais\" \/>\n<meta name=\"robots\" content=\"index, follow, max-snippet:-1, max-image-preview:large, max-video-preview:-1\" \/>\n<link rel=\"canonical\" href=\"https:\/\/www.muchaxo.com\/pt-pt\/quartos\/\" \/>\n<meta property=\"og:locale\" content=\"pt_PT\" \/>\n<meta property=\"og:type\" content=\"article\" \/>\n<meta property=\"og:title\" content=\"Quartos - Estalagem Muchaxo Hotel -\" \/>\n<meta property=\"og:description\" content=\"O refugio perfeito entre o mar e a serra, os nossos quartos foram concebidos em tons suaves e materiais naturais que se integram com a paisagem. Com v\u00e1rias tipologias, para ir ao encontro de todas as necessidades dos nossos h\u00f3spedes, proporcionam momentos inesquec\u00edveis em pleno Parque Natural Sintra-Cascais\" \/>\n<meta property=\"og:url\" content=\"https:\/\/www.muchaxo.com\/pt-pt\/quartos\/\" \/>\n<meta property=\"og:site_name\" content=\"Estalagem Muchaxo Hotel\" \/>\n<meta property=\"article:modified_time\" content=\"2024-04-16T09:34:42+00:00\" \/>\n<meta name=\"twitter:card\" content=\"summary_large_image\" \/>\n<meta name=\"twitter:label1\" content=\"Tempo estimado de leitura\" \/>\n\t<meta name=\"twitter:data1\" content=\"1 minuto\" \/>\n<script type=\"application\/ld+json\" class=\"yoast-schema-graph\">{\"@context\":\"https:\\\/\\\/schema.org\",\"@graph\":[{\"@type\":\"WebPage\",\"@id\":\"https:\\\/\\\/www.muchaxo.com\\\/pt-pt\\\/quartos\\\/\",\"url\":\"https:\\\/\\\/www.muchaxo.com\\\/pt-pt\\\/quartos\\\/\",\"name\":\"Quartos - Estalagem Muchaxo Hotel -\",\"isPartOf\":{\"@id\":\"https:\\\/\\\/www.muchaxo.com\\\/pt-pt\\\/#website\"},\"datePublished\":\"2024-03-04T14:37:34+00:00\",\"dateModified\":\"2024-04-16T09:34:42+00:00\",\"description\":\"O refugio perfeito entre o mar e a serra, os nossos quartos foram concebidos em tons suaves e materiais naturais que se integram com a paisagem. Com v\u00e1rias tipologias, para ir ao encontro de todas as necessidades dos nossos h\u00f3spedes, proporcionam momentos inesquec\u00edveis em pleno Parque Natural Sintra-Cascais\",\"breadcrumb\":{\"@id\":\"https:\\\/\\\/www.muchaxo.com\\\/pt-pt\\\/quartos\\\/#breadcrumb\"},\"inLanguage\":\"pt-PT\",\"potentialAction\":[{\"@type\":\"ReadAction\",\"target\":[\"https:\\\/\\\/www.muchaxo.com\\\/pt-pt\\\/quartos\\\/\"]}]},{\"@type\":\"BreadcrumbList\",\"@id\":\"https:\\\/\\\/www.muchaxo.com\\\/pt-pt\\\/quartos\\\/#breadcrumb\",\"itemListElement\":[{\"@type\":\"ListItem\",\"position\":1,\"name\":\"Home\",\"item\":\"https:\\\/\\\/www.muchaxo.com\\\/pt-pt\\\/\"},{\"@type\":\"ListItem\",\"position\":2,\"name\":\"Quartos\"}]},{\"@type\":\"WebSite\",\"@id\":\"https:\\\/\\\/www.muchaxo.com\\\/pt-pt\\\/#website\",\"url\":\"https:\\\/\\\/www.muchaxo.com\\\/pt-pt\\\/\",\"name\":\"Estalagem Muchaxo Hotel\",\"description\":\"\",\"potentialAction\":[{\"@type\":\"SearchAction\",\"target\":{\"@type\":\"EntryPoint\",\"urlTemplate\":\"https:\\\/\\\/www.muchaxo.com\\\/pt-pt\\\/?s={search_term_string}\"},\"query-input\":{\"@type\":\"PropertyValueSpecification\",\"valueRequired\":true,\"valueName\":\"search_term_string\"}}],\"inLanguage\":\"pt-PT\"}]}<\/script>\n<!-- \/ Yoast SEO plugin. -->","yoast_head_json":{"title":"Quartos - Estalagem Muchaxo Hotel -","description":"O refugio perfeito entre o mar e a serra, os nossos quartos foram concebidos em tons suaves e materiais naturais que se integram com a paisagem. Com v\u00e1rias tipologias, para ir ao encontro de todas as necessidades dos nossos h\u00f3spedes, proporcionam momentos inesquec\u00edveis em pleno Parque Natural Sintra-Cascais","robots":{"index":"index","follow":"follow","max-snippet":"max-snippet:-1","max-image-preview":"max-image-preview:large","max-video-preview":"max-video-preview:-1"},"canonical":"https:\/\/www.muchaxo.com\/pt-pt\/quartos\/","og_locale":"pt_PT","og_type":"article","og_title":"Quartos - Estalagem Muchaxo Hotel -","og_description":"O refugio perfeito entre o mar e a serra, os nossos quartos foram concebidos em tons suaves e materiais naturais que se integram com a paisagem. Com v\u00e1rias tipologias, para ir ao encontro de todas as necessidades dos nossos h\u00f3spedes, proporcionam momentos inesquec\u00edveis em pleno Parque Natural Sintra-Cascais","og_url":"https:\/\/www.muchaxo.com\/pt-pt\/quartos\/","og_site_name":"Estalagem Muchaxo Hotel","article_modified_time":"2024-04-16T09:34:42+00:00","twitter_card":"summary_large_image","twitter_misc":{"Tempo estimado de leitura":"1 minuto"},"schema":{"@context":"https:\/\/schema.org","@graph":[{"@type":"WebPage","@id":"https:\/\/www.muchaxo.com\/pt-pt\/quartos\/","url":"https:\/\/www.muchaxo.com\/pt-pt\/quartos\/","name":"Quartos - Estalagem Muchaxo Hotel -","isPartOf":{"@id":"https:\/\/www.muchaxo.com\/pt-pt\/#website"},"datePublished":"2024-03-04T14:37:34+00:00","dateModified":"2024-04-16T09:34:42+00:00","description":"O refugio perfeito entre o mar e a serra, os nossos quartos foram concebidos em tons suaves e materiais naturais que se integram com a paisagem. Com v\u00e1rias tipologias, para ir ao encontro de todas as necessidades dos nossos h\u00f3spedes, proporcionam momentos inesquec\u00edveis em pleno Parque Natural Sintra-Cascais","breadcrumb":{"@id":"https:\/\/www.muchaxo.com\/pt-pt\/quartos\/#breadcrumb"},"inLanguage":"pt-PT","potentialAction":[{"@type":"ReadAction","target":["https:\/\/www.muchaxo.com\/pt-pt\/quartos\/"]}]},{"@type":"BreadcrumbList","@id":"https:\/\/www.muchaxo.com\/pt-pt\/quartos\/#breadcrumb","itemListElement":[{"@type":"ListItem","position":1,"name":"Home","item":"https:\/\/www.muchaxo.com\/pt-pt\/"},{"@type":"ListItem","position":2,"name":"Quartos"}]},{"@type":"WebSite","@id":"https:\/\/www.muchaxo.com\/pt-pt\/#website","url":"https:\/\/www.muchaxo.com\/pt-pt\/","name":"Estalagem Muchaxo Hotel","description":"","potentialAction":[{"@type":"SearchAction","target":{"@type":"EntryPoint","urlTemplate":"https:\/\/www.muchaxo.com\/pt-pt\/?s={search_term_string}"},"query-input":{"@type":"PropertyValueSpecification","valueRequired":true,"valueName":"search_term_string"}}],"inLanguage":"pt-PT"}]}},"acf":[],"_links":{"self":[{"href":"https:\/\/www.muchaxo.com\/pt-pt\/wp-json\/wp\/v2\/pages\/25","targetHints":{"allow":["GET"]}}],"collection":[{"href":"https:\/\/www.muchaxo.com\/pt-pt\/wp-json\/wp\/v2\/pages"}],"about":[{"href":"https:\/\/www.muchaxo.com\/pt-pt\/wp-json\/wp\/v2\/types\/page"}],"author":[{"embeddable":true,"href":"https:\/\/www.muchaxo.com\/pt-pt\/wp-json\/wp\/v2\/users\/13"}],"replies":[{"embeddable":true,"href":"https:\/\/www.muchaxo.com\/pt-pt\/wp-json\/wp\/v2\/comments?post=25"}],"version-history":[{"count":0,"href":"https:\/\/www.muchaxo.com\/pt-pt\/wp-json\/wp\/v2\/pages\/25\/revisions"}],"wp:attachment":[{"href":"https:\/\/www.muchaxo.com\/pt-pt\/wp-json\/wp\/v2\/media?parent=25"}],"curies":[{"name":"wp","href":"https:\/\/api.w.org\/{rel}","templated":true}]}}