{"id":119,"date":"2024-03-06T14:05:29","date_gmt":"2024-03-06T14:05:29","guid":{"rendered":"https:\/\/estalagem-muchaxo-hotel.ms2.decms.eu\/?page_id=119"},"modified":"2025-06-14T13:39:15","modified_gmt":"2025-06-14T13:39:15","slug":"piscina-exterior","status":"publish","type":"page","link":"https:\/\/www.muchaxo.com\/pt-pt\/piscina-exterior\/","title":{"rendered":"Piscina exterior"},"content":{"rendered":"<p>A nossa piscina de \u00e1gua salgada tem vista privilegiada para o mar do Guincho. Embutida nos rochedos junto a fortaleza do s\u00e9culo XVII , est\u00e1 aberta durante a \u00e9poca de ver\u00e3o entre 15 de Junho a 15 de Setembro.<\/p>\n<table>\n<tr>\n<th><b>Dias de semana<\/b><\/th>\n<th><b>10h-18h<\/b><\/th>\n<th><b>14h-18h<\/b><\/th>\n<th><b>16h-18h<\/b><\/th>\n<\/tr>\n<tr>\n<td>Adultos e Teenagers (com 13 ou mais anos)<\/td>\n<td>\u20ac 22,00<\/td>\n<td>\u20ac 16,00<\/td>\n<td>\u20ac  7,00<\/td>\n<\/tr>\n<tr>\n<td>Crian\u00e7as (dos 2 aos 12 anos)<\/td>\n<td>\u20ac 14,00<\/td>\n<td>\u20ac 10,00<\/td>\n<td>\u20ac  7,00<\/td>\n<\/tr>\n<tr>\n<td bgcolor=\"#FFFFFF\" colspan=\"3\">&nbsp;<\/td>\n<\/tr>\n<tr>\n<th><b>Fins de semana e Feriados<\/b><\/th>\n<th><b>10h-19h<\/b><\/th>\n<th><b>15h-19h<\/b><\/th>\n<th><b>17h-19h<\/b><\/th>\n<\/tr>\n<tr>\n<td>Adultos e Teenagers (com 13 ou mais anos)<\/td>\n<td>\u20ac 25,00<\/td>\n<td>\u20ac 18,00<\/td>\n<td>\u20ac  8,00<\/td>\n<\/tr>\n<tr>\n<td>Crian\u00e7as (dos 2 aos 12 anos)<\/td>\n<td>\u20ac 16,00<\/td>\n<td>\u20ac 12,00<\/td>\n<td>\u20ac  8,00<\/td>\n<\/tr>\n<\/table>\n","protected":false},"excerpt":{"rendered":"<p>A nossa piscina de \u00e1gua salgada tem vista privilegiada para o mar do Guincho. Embutida nos rochedos junto a fortaleza do s\u00e9culo XVII , est\u00e1 aberta durante a \u00e9poca de ver\u00e3o entre 15 de Junho a 15 de Setembro. Dias de semana 10h-18h 14h-18h 16h-18h Adultos e Teenagers (com 13 ou mais anos) \u20ac 22,00 [&hellip;]<\/p>\n","protected":false},"author":13,"featured_media":0,"parent":0,"menu_order":20,"comment_status":"closed","ping_status":"closed","template":"","meta":{"footnotes":""},"yoast_head":"<!-- This site is optimized with the Yoast SEO plugin v22.3 - https:\/\/yoast.com\/wordpress\/plugins\/seo\/ -->\n<title>Piscina exterior - Estalagem Muchaxo Hotel -<\/title>\n<meta name=\"description\" content=\"A nossa piscina de \u00e1gua salgada tem vista privilegiada para o mar do Guincho. Embutida nos rochedos junto a fortaleza do s\u00e9culo XVII , est\u00e1 aberta durante a \u00e9poca de ver\u00e3o entre 15 de Junho a 15 de Setembro.       Dias de semana   10h-18h   14h-18h   16h-18h       Adultos e Teenagers (com 13 ou mais anos)   \u20ac 22,00   \u20ac 16,00   \u20ac 7,00       Crian\u00e7as (dos 2 aos 12 anos)   \u20ac 14,00   \u20ac 10,00   \u20ac 7,00        &nbsp;        Fins de semana e Feriados   10h-19h   15h-19h   17h-19h       Adultos e Teenagers (com 13 ou mais anos)   \u20ac 25,00   \u20ac 18,00   \u20ac 8,00       Crian\u00e7as (dos 2 aos 12 anos)   \u20ac 16,00   \u20ac 12,00   \u20ac 8,00\" \/>\n<meta name=\"robots\" content=\"index, follow, max-snippet:-1, max-image-preview:large, max-video-preview:-1\" \/>\n<link rel=\"canonical\" href=\"https:\/\/www.muchaxo.com\/pt-pt\/piscina-exterior\/\" \/>\n<meta property=\"og:locale\" content=\"pt_PT\" \/>\n<meta property=\"og:type\" content=\"article\" \/>\n<meta property=\"og:title\" content=\"Piscina exterior - Estalagem Muchaxo Hotel -\" \/>\n<meta property=\"og:description\" content=\"A nossa piscina de \u00e1gua salgada tem vista privilegiada para o mar do Guincho. Embutida nos rochedos junto a fortaleza do s\u00e9culo XVII , est\u00e1 aberta durante a \u00e9poca de ver\u00e3o entre 15 de Junho a 15 de Setembro.       Dias de semana   10h-18h   14h-18h   16h-18h       Adultos e Teenagers (com 13 ou mais anos)   \u20ac 22,00   \u20ac 16,00   \u20ac 7,00       Crian\u00e7as (dos 2 aos 12 anos)   \u20ac 14,00   \u20ac 10,00   \u20ac 7,00        &nbsp;        Fins de semana e Feriados   10h-19h   15h-19h   17h-19h       Adultos e Teenagers (com 13 ou mais anos)   \u20ac 25,00   \u20ac 18,00   \u20ac 8,00       Crian\u00e7as (dos 2 aos 12 anos)   \u20ac 16,00   \u20ac 12,00   \u20ac 8,00\" \/>\n<meta property=\"og:url\" content=\"https:\/\/www.muchaxo.com\/pt-pt\/piscina-exterior\/\" \/>\n<meta property=\"og:site_name\" content=\"Estalagem Muchaxo Hotel\" \/>\n<meta property=\"article:modified_time\" content=\"2025-06-14T13:39:15+00:00\" \/>\n<meta name=\"twitter:card\" content=\"summary_large_image\" \/>\n<meta name=\"twitter:label1\" content=\"Tempo estimado de leitura\" \/>\n\t<meta name=\"twitter:data1\" content=\"1 minuto\" \/>\n<script type=\"application\/ld+json\" class=\"yoast-schema-graph\">{\"@context\":\"https:\/\/schema.org\",\"@graph\":[{\"@type\":\"WebPage\",\"@id\":\"https:\/\/www.muchaxo.com\/pt-pt\/piscina-exterior\/\",\"url\":\"https:\/\/www.muchaxo.com\/pt-pt\/piscina-exterior\/\",\"name\":\"Piscina exterior - Estalagem Muchaxo Hotel -\",\"isPartOf\":{\"@id\":\"https:\/\/www.muchaxo.com\/pt-pt\/#website\"},\"datePublished\":\"2024-03-06T14:05:29+00:00\",\"dateModified\":\"2025-06-14T13:39:15+00:00\",\"description\":\"A nossa piscina de \u00e1gua salgada tem vista privilegiada para o mar do Guincho. Embutida nos rochedos junto a fortaleza do s\u00e9culo XVII , est\u00e1 aberta durante a \u00e9poca de ver\u00e3o entre 15 de Junho a 15 de Setembro. Dias de semana 10h-18h 14h-18h 16h-18h Adultos e Teenagers (com 13 ou mais anos) \u20ac 22,00 \u20ac 16,00 \u20ac 7,00 Crian\u00e7as (dos 2 aos 12 anos) \u20ac 14,00 \u20ac 10,00 \u20ac 7,00 &nbsp; Fins de semana e Feriados 10h-19h 15h-19h 17h-19h Adultos e Teenagers (com 13 ou mais anos) \u20ac 25,00 \u20ac 18,00 \u20ac 8,00 Crian\u00e7as (dos 2 aos 12 anos) \u20ac 16,00 \u20ac 12,00 \u20ac 8,00\",\"breadcrumb\":{\"@id\":\"https:\/\/www.muchaxo.com\/pt-pt\/piscina-exterior\/#breadcrumb\"},\"inLanguage\":\"pt-PT\",\"potentialAction\":[{\"@type\":\"ReadAction\",\"target\":[\"https:\/\/www.muchaxo.com\/pt-pt\/piscina-exterior\/\"]}]},{\"@type\":\"BreadcrumbList\",\"@id\":\"https:\/\/www.muchaxo.com\/pt-pt\/piscina-exterior\/#breadcrumb\",\"itemListElement\":[{\"@type\":\"ListItem\",\"position\":1,\"name\":\"Home\",\"item\":\"https:\/\/www.muchaxo.com\/pt-pt\/\"},{\"@type\":\"ListItem\",\"position\":2,\"name\":\"Piscina exterior\"}]},{\"@type\":\"WebSite\",\"@id\":\"https:\/\/www.muchaxo.com\/pt-pt\/#website\",\"url\":\"https:\/\/www.muchaxo.com\/pt-pt\/\",\"name\":\"Estalagem Muchaxo Hotel\",\"description\":\"\",\"potentialAction\":[{\"@type\":\"SearchAction\",\"target\":{\"@type\":\"EntryPoint\",\"urlTemplate\":\"https:\/\/www.muchaxo.com\/pt-pt\/?s={search_term_string}\"},\"query-input\":\"required name=search_term_string\"}],\"inLanguage\":\"pt-PT\"}]}<\/script>\n<!-- \/ Yoast SEO plugin. -->","yoast_head_json":{"title":"Piscina exterior - Estalagem Muchaxo Hotel -","description":"A nossa piscina de \u00e1gua salgada tem vista privilegiada para o mar do Guincho. Embutida nos rochedos junto a fortaleza do s\u00e9culo XVII , est\u00e1 aberta durante a \u00e9poca de ver\u00e3o entre 15 de Junho a 15 de Setembro.       Dias de semana   10h-18h   14h-18h   16h-18h       Adultos e Teenagers (com 13 ou mais anos)   \u20ac 22,00   \u20ac 16,00   \u20ac 7,00       Crian\u00e7as (dos 2 aos 12 anos)   \u20ac 14,00   \u20ac 10,00   \u20ac 7,00        &nbsp;        Fins de semana e Feriados   10h-19h   15h-19h   17h-19h       Adultos e Teenagers (com 13 ou mais anos)   \u20ac 25,00   \u20ac 18,00   \u20ac 8,00       Crian\u00e7as (dos 2 aos 12 anos)   \u20ac 16,00   \u20ac 12,00   \u20ac 8,00","robots":{"index":"index","follow":"follow","max-snippet":"max-snippet:-1","max-image-preview":"max-image-preview:large","max-video-preview":"max-video-preview:-1"},"canonical":"https:\/\/www.muchaxo.com\/pt-pt\/piscina-exterior\/","og_locale":"pt_PT","og_type":"article","og_title":"Piscina exterior - Estalagem Muchaxo Hotel -","og_description":"A nossa piscina de \u00e1gua salgada tem vista privilegiada para o mar do Guincho. Embutida nos rochedos junto a fortaleza do s\u00e9culo XVII , est\u00e1 aberta durante a \u00e9poca de ver\u00e3o entre 15 de Junho a 15 de Setembro.       Dias de semana   10h-18h   14h-18h   16h-18h       Adultos e Teenagers (com 13 ou mais anos)   \u20ac 22,00   \u20ac 16,00   \u20ac 7,00       Crian\u00e7as (dos 2 aos 12 anos)   \u20ac 14,00   \u20ac 10,00   \u20ac 7,00        &nbsp;        Fins de semana e Feriados   10h-19h   15h-19h   17h-19h       Adultos e Teenagers (com 13 ou mais anos)   \u20ac 25,00   \u20ac 18,00   \u20ac 8,00       Crian\u00e7as (dos 2 aos 12 anos)   \u20ac 16,00   \u20ac 12,00   \u20ac 8,00","og_url":"https:\/\/www.muchaxo.com\/pt-pt\/piscina-exterior\/","og_site_name":"Estalagem Muchaxo Hotel","article_modified_time":"2025-06-14T13:39:15+00:00","twitter_card":"summary_large_image","twitter_misc":{"Tempo estimado de leitura":"1 minuto"},"schema":{"@context":"https:\/\/schema.org","@graph":[{"@type":"WebPage","@id":"https:\/\/www.muchaxo.com\/pt-pt\/piscina-exterior\/","url":"https:\/\/www.muchaxo.com\/pt-pt\/piscina-exterior\/","name":"Piscina exterior - Estalagem Muchaxo Hotel -","isPartOf":{"@id":"https:\/\/www.muchaxo.com\/pt-pt\/#website"},"datePublished":"2024-03-06T14:05:29+00:00","dateModified":"2025-06-14T13:39:15+00:00","description":"A nossa piscina de \u00e1gua salgada tem vista privilegiada para o mar do Guincho. Embutida nos rochedos junto a fortaleza do s\u00e9culo XVII , est\u00e1 aberta durante a \u00e9poca de ver\u00e3o entre 15 de Junho a 15 de Setembro. Dias de semana 10h-18h 14h-18h 16h-18h Adultos e Teenagers (com 13 ou mais anos) \u20ac 22,00 \u20ac 16,00 \u20ac 7,00 Crian\u00e7as (dos 2 aos 12 anos) \u20ac 14,00 \u20ac 10,00 \u20ac 7,00 &nbsp; Fins de semana e Feriados 10h-19h 15h-19h 17h-19h Adultos e Teenagers (com 13 ou mais anos) \u20ac 25,00 \u20ac 18,00 \u20ac 8,00 Crian\u00e7as (dos 2 aos 12 anos) \u20ac 16,00 \u20ac 12,00 \u20ac 8,00","breadcrumb":{"@id":"https:\/\/www.muchaxo.com\/pt-pt\/piscina-exterior\/#breadcrumb"},"inLanguage":"pt-PT","potentialAction":[{"@type":"ReadAction","target":["https:\/\/www.muchaxo.com\/pt-pt\/piscina-exterior\/"]}]},{"@type":"BreadcrumbList","@id":"https:\/\/www.muchaxo.com\/pt-pt\/piscina-exterior\/#breadcrumb","itemListElement":[{"@type":"ListItem","position":1,"name":"Home","item":"https:\/\/www.muchaxo.com\/pt-pt\/"},{"@type":"ListItem","position":2,"name":"Piscina exterior"}]},{"@type":"WebSite","@id":"https:\/\/www.muchaxo.com\/pt-pt\/#website","url":"https:\/\/www.muchaxo.com\/pt-pt\/","name":"Estalagem Muchaxo Hotel","description":"","potentialAction":[{"@type":"SearchAction","target":{"@type":"EntryPoint","urlTemplate":"https:\/\/www.muchaxo.com\/pt-pt\/?s={search_term_string}"},"query-input":"required name=search_term_string"}],"inLanguage":"pt-PT"}]}},"acf":[],"_links":{"self":[{"href":"https:\/\/www.muchaxo.com\/pt-pt\/wp-json\/wp\/v2\/pages\/119"}],"collection":[{"href":"https:\/\/www.muchaxo.com\/pt-pt\/wp-json\/wp\/v2\/pages"}],"about":[{"href":"https:\/\/www.muchaxo.com\/pt-pt\/wp-json\/wp\/v2\/types\/page"}],"author":[{"embeddable":true,"href":"https:\/\/www.muchaxo.com\/pt-pt\/wp-json\/wp\/v2\/users\/13"}],"replies":[{"embeddable":true,"href":"https:\/\/www.muchaxo.com\/pt-pt\/wp-json\/wp\/v2\/comments?post=119"}],"version-history":[{"count":0,"href":"https:\/\/www.muchaxo.com\/pt-pt\/wp-json\/wp\/v2\/pages\/119\/revisions"}],"wp:attachment":[{"href":"https:\/\/www.muchaxo.com\/pt-pt\/wp-json\/wp\/v2\/media?parent=119"}],"curies":[{"name":"wp","href":"https:\/\/api.w.org\/{rel}","templated":true}]}}