{"id":115,"date":"2024-03-06T13:32:40","date_gmt":"2024-03-06T13:32:40","guid":{"rendered":"https:\/\/estalagem-muchaxo-hotel.ms2.decms.eu\/?page_id=115"},"modified":"2024-04-12T15:08:57","modified_gmt":"2024-04-12T15:08:57","slug":"bar-lounge","status":"publish","type":"page","link":"https:\/\/www.muchaxo.com\/pt-pt\/restaurante-e-bar\/bar-lounge\/","title":{"rendered":"Bar Lounge"},"content":{"rendered":"<p>O nosso bar com lareira e vista para o mar \u00e9 um <strong>espa\u00e7o acolhedor e encantador<\/strong>, perfeito para quem busca <strong>conforto e relaxamento num cen\u00e1rio deslumbrante<\/strong>. Ao entrar no bar, a primeira coisa que chama a aten\u00e7\u00e3o \u00e9 a lareira , que proporciona um calor reconfortante nos dias mais frios.<\/p>\n<p>A decora\u00e7\u00e3o \u00e9 composta por elementos de madeira, pedra e metal, transmitindo uma atmosfera aconchegante e r\u00fastica. A <strong>vista para o mar<\/strong> \u00e9 de tirar o f\u00f4lego.<\/p>\n<p>Grandes janelas de vidro permitem que os clientes apreciem a beleza do oceano, oferecendo um espet\u00e1culo natural di\u00e1rio. Durante o dia, o sol reflete nas ondas do mar, criando um jogo de luzes encantador. \u00c0 noite, as estrelas iluminam o c\u00e9u, proporcionando uma vis\u00e3o estonteante.<\/p>\n<p>No menu do bar, h\u00e1 uma <strong>sele\u00e7\u00e3o variada de bebidas quentes e frias<\/strong>, desde coquet\u00e9is artesanais e vinhos finos at\u00e9 ch\u00e1s e caf\u00e9s . Para acompanhar, s\u00e3o oferecidos petiscos e pratos deliciosos. Al\u00e9m disso, o bar com lareira e vista para o mar tamb\u00e9m oferece m\u00fasica com pianista ao vivo determinadas noites, criando um ambiente animado e descontra\u00eddo, perfeito para aproveitar a companhia de amigos e familiares.<\/p>\n","protected":false},"excerpt":{"rendered":"<p>O nosso bar com lareira e vista para o mar \u00e9 um espa\u00e7o acolhedor e encantador, perfeito para quem busca conforto e relaxamento num cen\u00e1rio deslumbrante. Ao entrar no bar, a primeira coisa que chama a aten\u00e7\u00e3o \u00e9 a lareira , que proporciona um calor reconfortante nos dias mais frios. A decora\u00e7\u00e3o \u00e9 composta por [&hellip;]<\/p>\n","protected":false},"author":13,"featured_media":0,"parent":89,"menu_order":10,"comment_status":"closed","ping_status":"closed","template":"template-single-restaurant.php","meta":{"footnotes":""},"yoast_head":"<!-- This site is optimized with the Yoast SEO plugin v22.3 - https:\/\/yoast.com\/wordpress\/plugins\/seo\/ -->\n<title>Bar Lounge - Estalagem Muchaxo Hotel -<\/title>\n<meta name=\"description\" content=\"O nosso bar com lareira e vista para o mar \u00e9 um espa\u00e7o acolhedor e encantador, perfeito para quem busca conforto e relaxamento num cen\u00e1rio deslumbrante. Ao entrar no bar, a primeira coisa que chama a aten\u00e7\u00e3o \u00e9 a lareira , que proporciona um calor reconfortante nos dias mais frios.  A decora\u00e7\u00e3o \u00e9 composta por elementos de madeira, pedra e metal, transmitindo uma atmosfera aconchegante e r\u00fastica\" \/>\n<meta name=\"robots\" content=\"index, follow, max-snippet:-1, max-image-preview:large, max-video-preview:-1\" \/>\n<link rel=\"canonical\" href=\"https:\/\/www.muchaxo.com\/pt-pt\/restaurante-e-bar\/bar-lounge\/\" \/>\n<meta property=\"og:locale\" content=\"pt_PT\" \/>\n<meta property=\"og:type\" content=\"article\" \/>\n<meta property=\"og:title\" content=\"Bar Lounge - Estalagem Muchaxo Hotel -\" \/>\n<meta property=\"og:description\" content=\"O nosso bar com lareira e vista para o mar \u00e9 um espa\u00e7o acolhedor e encantador, perfeito para quem busca conforto e relaxamento num cen\u00e1rio deslumbrante. Ao entrar no bar, a primeira coisa que chama a aten\u00e7\u00e3o \u00e9 a lareira , que proporciona um calor reconfortante nos dias mais frios.  A decora\u00e7\u00e3o \u00e9 composta por elementos de madeira, pedra e metal, transmitindo uma atmosfera aconchegante e r\u00fastica\" \/>\n<meta property=\"og:url\" content=\"https:\/\/www.muchaxo.com\/pt-pt\/restaurante-e-bar\/bar-lounge\/\" \/>\n<meta property=\"og:site_name\" content=\"Estalagem Muchaxo Hotel\" \/>\n<meta property=\"article:modified_time\" content=\"2024-04-12T15:08:57+00:00\" \/>\n<meta name=\"twitter:card\" content=\"summary_large_image\" \/>\n<meta name=\"twitter:label1\" content=\"Tempo estimado de leitura\" \/>\n\t<meta name=\"twitter:data1\" content=\"2 minutos\" \/>\n<script type=\"application\/ld+json\" class=\"yoast-schema-graph\">{\"@context\":\"https:\/\/schema.org\",\"@graph\":[{\"@type\":\"WebPage\",\"@id\":\"https:\/\/www.muchaxo.com\/pt-pt\/restaurante-e-bar\/bar-lounge\/\",\"url\":\"https:\/\/www.muchaxo.com\/pt-pt\/restaurante-e-bar\/bar-lounge\/\",\"name\":\"Bar Lounge - Estalagem Muchaxo Hotel -\",\"isPartOf\":{\"@id\":\"https:\/\/www.muchaxo.com\/pt-pt\/#website\"},\"datePublished\":\"2024-03-06T13:32:40+00:00\",\"dateModified\":\"2024-04-12T15:08:57+00:00\",\"description\":\"O nosso bar com lareira e vista para o mar \u00e9 um espa\u00e7o acolhedor e encantador, perfeito para quem busca conforto e relaxamento num cen\u00e1rio deslumbrante. Ao entrar no bar, a primeira coisa que chama a aten\u00e7\u00e3o \u00e9 a lareira , que proporciona um calor reconfortante nos dias mais frios. A decora\u00e7\u00e3o \u00e9 composta por elementos de madeira, pedra e metal, transmitindo uma atmosfera aconchegante e r\u00fastica\",\"breadcrumb\":{\"@id\":\"https:\/\/www.muchaxo.com\/pt-pt\/restaurante-e-bar\/bar-lounge\/#breadcrumb\"},\"inLanguage\":\"pt-PT\",\"potentialAction\":[{\"@type\":\"ReadAction\",\"target\":[\"https:\/\/www.muchaxo.com\/pt-pt\/restaurante-e-bar\/bar-lounge\/\"]}]},{\"@type\":\"BreadcrumbList\",\"@id\":\"https:\/\/www.muchaxo.com\/pt-pt\/restaurante-e-bar\/bar-lounge\/#breadcrumb\",\"itemListElement\":[{\"@type\":\"ListItem\",\"position\":1,\"name\":\"Home\",\"item\":\"https:\/\/www.muchaxo.com\/pt-pt\/\"},{\"@type\":\"ListItem\",\"position\":2,\"name\":\"Restaurante e Bar\",\"item\":\"https:\/\/www.muchaxo.com\/pt-pt\/restaurante-e-bar\/\"},{\"@type\":\"ListItem\",\"position\":3,\"name\":\"Bar Lounge\"}]},{\"@type\":\"WebSite\",\"@id\":\"https:\/\/www.muchaxo.com\/pt-pt\/#website\",\"url\":\"https:\/\/www.muchaxo.com\/pt-pt\/\",\"name\":\"Estalagem Muchaxo Hotel\",\"description\":\"\",\"potentialAction\":[{\"@type\":\"SearchAction\",\"target\":{\"@type\":\"EntryPoint\",\"urlTemplate\":\"https:\/\/www.muchaxo.com\/pt-pt\/?s={search_term_string}\"},\"query-input\":\"required name=search_term_string\"}],\"inLanguage\":\"pt-PT\"}]}<\/script>\n<!-- \/ Yoast SEO plugin. -->","yoast_head_json":{"title":"Bar Lounge - Estalagem Muchaxo Hotel -","description":"O nosso bar com lareira e vista para o mar \u00e9 um espa\u00e7o acolhedor e encantador, perfeito para quem busca conforto e relaxamento num cen\u00e1rio deslumbrante. Ao entrar no bar, a primeira coisa que chama a aten\u00e7\u00e3o \u00e9 a lareira , que proporciona um calor reconfortante nos dias mais frios.  A decora\u00e7\u00e3o \u00e9 composta por elementos de madeira, pedra e metal, transmitindo uma atmosfera aconchegante e r\u00fastica","robots":{"index":"index","follow":"follow","max-snippet":"max-snippet:-1","max-image-preview":"max-image-preview:large","max-video-preview":"max-video-preview:-1"},"canonical":"https:\/\/www.muchaxo.com\/pt-pt\/restaurante-e-bar\/bar-lounge\/","og_locale":"pt_PT","og_type":"article","og_title":"Bar Lounge - Estalagem Muchaxo Hotel -","og_description":"O nosso bar com lareira e vista para o mar \u00e9 um espa\u00e7o acolhedor e encantador, perfeito para quem busca conforto e relaxamento num cen\u00e1rio deslumbrante. Ao entrar no bar, a primeira coisa que chama a aten\u00e7\u00e3o \u00e9 a lareira , que proporciona um calor reconfortante nos dias mais frios.  A decora\u00e7\u00e3o \u00e9 composta por elementos de madeira, pedra e metal, transmitindo uma atmosfera aconchegante e r\u00fastica","og_url":"https:\/\/www.muchaxo.com\/pt-pt\/restaurante-e-bar\/bar-lounge\/","og_site_name":"Estalagem Muchaxo Hotel","article_modified_time":"2024-04-12T15:08:57+00:00","twitter_card":"summary_large_image","twitter_misc":{"Tempo estimado de leitura":"2 minutos"},"schema":{"@context":"https:\/\/schema.org","@graph":[{"@type":"WebPage","@id":"https:\/\/www.muchaxo.com\/pt-pt\/restaurante-e-bar\/bar-lounge\/","url":"https:\/\/www.muchaxo.com\/pt-pt\/restaurante-e-bar\/bar-lounge\/","name":"Bar Lounge - Estalagem Muchaxo Hotel -","isPartOf":{"@id":"https:\/\/www.muchaxo.com\/pt-pt\/#website"},"datePublished":"2024-03-06T13:32:40+00:00","dateModified":"2024-04-12T15:08:57+00:00","description":"O nosso bar com lareira e vista para o mar \u00e9 um espa\u00e7o acolhedor e encantador, perfeito para quem busca conforto e relaxamento num cen\u00e1rio deslumbrante. Ao entrar no bar, a primeira coisa que chama a aten\u00e7\u00e3o \u00e9 a lareira , que proporciona um calor reconfortante nos dias mais frios. A decora\u00e7\u00e3o \u00e9 composta por elementos de madeira, pedra e metal, transmitindo uma atmosfera aconchegante e r\u00fastica","breadcrumb":{"@id":"https:\/\/www.muchaxo.com\/pt-pt\/restaurante-e-bar\/bar-lounge\/#breadcrumb"},"inLanguage":"pt-PT","potentialAction":[{"@type":"ReadAction","target":["https:\/\/www.muchaxo.com\/pt-pt\/restaurante-e-bar\/bar-lounge\/"]}]},{"@type":"BreadcrumbList","@id":"https:\/\/www.muchaxo.com\/pt-pt\/restaurante-e-bar\/bar-lounge\/#breadcrumb","itemListElement":[{"@type":"ListItem","position":1,"name":"Home","item":"https:\/\/www.muchaxo.com\/pt-pt\/"},{"@type":"ListItem","position":2,"name":"Restaurante e Bar","item":"https:\/\/www.muchaxo.com\/pt-pt\/restaurante-e-bar\/"},{"@type":"ListItem","position":3,"name":"Bar Lounge"}]},{"@type":"WebSite","@id":"https:\/\/www.muchaxo.com\/pt-pt\/#website","url":"https:\/\/www.muchaxo.com\/pt-pt\/","name":"Estalagem Muchaxo Hotel","description":"","potentialAction":[{"@type":"SearchAction","target":{"@type":"EntryPoint","urlTemplate":"https:\/\/www.muchaxo.com\/pt-pt\/?s={search_term_string}"},"query-input":"required name=search_term_string"}],"inLanguage":"pt-PT"}]}},"acf":[],"_links":{"self":[{"href":"https:\/\/www.muchaxo.com\/pt-pt\/wp-json\/wp\/v2\/pages\/115"}],"collection":[{"href":"https:\/\/www.muchaxo.com\/pt-pt\/wp-json\/wp\/v2\/pages"}],"about":[{"href":"https:\/\/www.muchaxo.com\/pt-pt\/wp-json\/wp\/v2\/types\/page"}],"author":[{"embeddable":true,"href":"https:\/\/www.muchaxo.com\/pt-pt\/wp-json\/wp\/v2\/users\/13"}],"replies":[{"embeddable":true,"href":"https:\/\/www.muchaxo.com\/pt-pt\/wp-json\/wp\/v2\/comments?post=115"}],"version-history":[{"count":0,"href":"https:\/\/www.muchaxo.com\/pt-pt\/wp-json\/wp\/v2\/pages\/115\/revisions"}],"up":[{"embeddable":true,"href":"https:\/\/www.muchaxo.com\/pt-pt\/wp-json\/wp\/v2\/pages\/89"}],"wp:attachment":[{"href":"https:\/\/www.muchaxo.com\/pt-pt\/wp-json\/wp\/v2\/media?parent=115"}],"curies":[{"name":"wp","href":"https:\/\/api.w.org\/{rel}","templated":true}]}}